{"id":37649,"date":"2020-04-30T10:32:31","date_gmt":"2020-04-30T08:32:31","guid":{"rendered":"https:\/\/zentopiahalle.be\/contact\/"},"modified":"2024-09-24T23:44:06","modified_gmt":"2024-09-24T21:44:06","slug":"contact","status":"publish","type":"page","link":"https:\/\/zentopiahalle.be\/fr\/contact\/","title":{"rendered":"Contact"},"content":{"rendered":"\t\t<div data-elementor-type=\"wp-page\" data-elementor-id=\"37649\" class=\"elementor elementor-37649 elementor-1440\" data-elementor-post-type=\"page\">\n\t\t\t\t\t\t<section class=\"elementor-section elementor-top-section elementor-element elementor-element-c7ddeef elementor-section-boxed elementor-section-height-default elementor-section-height-default sc_fly_static\" data-id=\"c7ddeef\" data-element_type=\"section\">\n\t\t\t\t\t\t<div class=\"elementor-container elementor-column-gap-no\">\n\t\t\t\t\t<div class=\"elementor-column elementor-col-100 elementor-top-column elementor-element elementor-element-6d9ef1f sc_inner_width_none sc_content_align_inherit sc_layouts_column_icons_position_left sc_fly_static\" data-id=\"6d9ef1f\" data-element_type=\"column\">\n\t\t\t<div class=\"elementor-widget-wrap elementor-element-populated\">\n\t\t\t\t\t\t<div class=\"elementor-element elementor-element-54ee3ad sc_height_huge sc_fly_static elementor-widget elementor-widget-spacer\" data-id=\"54ee3ad\" data-element_type=\"widget\" data-widget_type=\"spacer.default\">\n\t\t\t\t<div class=\"elementor-widget-container\">\n\t\t\t<style>\/*! elementor - v3.23.0 - 25-07-2024 *\/\n.elementor-column .elementor-spacer-inner{height:var(--spacer-size)}.e-con{--container-widget-width:100%}.e-con-inner>.elementor-widget-spacer,.e-con>.elementor-widget-spacer{width:var(--container-widget-width,var(--spacer-size));--align-self:var(--container-widget-align-self,initial);--flex-shrink:0}.e-con-inner>.elementor-widget-spacer>.elementor-widget-container,.e-con>.elementor-widget-spacer>.elementor-widget-container{height:100%;width:100%}.e-con-inner>.elementor-widget-spacer>.elementor-widget-container>.elementor-spacer,.e-con>.elementor-widget-spacer>.elementor-widget-container>.elementor-spacer{height:100%}.e-con-inner>.elementor-widget-spacer>.elementor-widget-container>.elementor-spacer>.elementor-spacer-inner,.e-con>.elementor-widget-spacer>.elementor-widget-container>.elementor-spacer>.elementor-spacer-inner{height:var(--container-widget-height,var(--spacer-size))}.e-con-inner>.elementor-widget-spacer.elementor-widget-empty,.e-con>.elementor-widget-spacer.elementor-widget-empty{position:relative;min-height:22px;min-width:22px}.e-con-inner>.elementor-widget-spacer.elementor-widget-empty .elementor-widget-empty-icon,.e-con>.elementor-widget-spacer.elementor-widget-empty .elementor-widget-empty-icon{position:absolute;top:0;bottom:0;left:0;right:0;margin:auto;padding:0;width:22px;height:22px}<\/style>\t\t<div class=\"elementor-spacer\">\n\t\t\t<div class=\"elementor-spacer-inner\"><\/div>\n\t\t<\/div>\n\t\t\t\t<\/div>\n\t\t\t\t<\/div>\n\t\t\t\t<section class=\"elementor-section elementor-inner-section elementor-element elementor-element-736a700 elementor-section-boxed elementor-section-height-default elementor-section-height-default sc_fly_static\" data-id=\"736a700\" data-element_type=\"section\">\n\t\t\t\t\t\t<div class=\"elementor-container elementor-column-gap-no\">\n\t\t\t\t\t<div class=\"elementor-column elementor-col-50 elementor-inner-column elementor-element elementor-element-fa3f9a7 sc_inner_width_none sc_content_align_inherit sc_layouts_column_icons_position_left sc_fly_static\" data-id=\"fa3f9a7\" data-element_type=\"column\">\n\t\t\t<div class=\"elementor-widget-wrap elementor-element-populated\">\n\t\t\t\t\t\t<div class=\"elementor-element elementor-element-cfa14a8 sc_fly_static elementor-widget elementor-widget-trx_sc_title\" data-id=\"cfa14a8\" data-element_type=\"widget\" data-widget_type=\"trx_sc_title.default\">\n\t\t\t\t<div class=\"elementor-widget-container\">\n\t\t\t<div\t\tclass=\"sc_title sc_title_default\" ><span class=\"sc_item_subtitle sc_title_subtitle sc_item_subtitle_above sc_item_title_style_default\">Contactez nous<\/span><h1 class=\"sc_item_title sc_title_title sc_item_title_style_default sc_item_title_tag\"\n\t\t\t><span class=\"sc_item_title_text\">Des questions ?<br>Contactez nous<\/span><\/h1><div class=\"sc_item_descr sc_title_descr\"><p>Vous avez des questions ou souhaitez obtenir plus d'informations sur nos installations de bien-\u00eatre ?<br \/>\nNous sommes pr\u00eats \u00e0 vous aider ! <\/p>\n<\/div><\/div>\t\t<\/div>\n\t\t\t\t<\/div>\n\t\t\t\t<div class=\"elementor-element elementor-element-21f8d82 sc_fly_static elementor-widget elementor-widget-spacer\" data-id=\"21f8d82\" data-element_type=\"widget\" data-widget_type=\"spacer.default\">\n\t\t\t\t<div class=\"elementor-widget-container\">\n\t\t\t\t\t<div class=\"elementor-spacer\">\n\t\t\t<div class=\"elementor-spacer-inner\"><\/div>\n\t\t<\/div>\n\t\t\t\t<\/div>\n\t\t\t\t<\/div>\n\t\t\t\t<div class=\"elementor-element elementor-element-bf9b28a sc_fly_static elementor-widget elementor-widget-trx_sc_icons\" data-id=\"bf9b28a\" data-element_type=\"widget\" data-widget_type=\"trx_sc_icons.default\">\n\t\t\t\t<div class=\"elementor-widget-container\">\n\t\t\t<div \tclass=\"sc_icons sc_icons_simple sc_icons_size_small sc_align_none\" ><div class=\"sc_icons_item\"><div class=\"sc_icons_icon sc_icon_type_ icon-marker\" style=\"color: #BE9667\" ><span class=\"sc_icon_type_ icon-marker\" style=\"color: #BE9667\"><\/span><\/div><div class=\"sc_icons_item_details\"><div class=\"sc_icons_item_description\"><span>Ninoofsesteenweg 12, 1500 Halle<\/span><\/div><\/div><\/div><div class=\"sc_icons_item sc_icons_item_linked with_more\"><div class=\"sc_icons_icon sc_icon_type_ icon-iphone\" style=\"color: #BE9667\" ><span class=\"sc_icon_type_ icon-iphone\" style=\"color: #BE9667\"><\/span><\/div><div class=\"sc_icons_item_details\"><a href=\"tel:+32477680106\" class=\"sc_icons_item_more_link\">\n                        <span class=\"link_text\">+32 477 68 01 06<\/span><span class=\"link_icon\"><\/span>\n                        <\/a><a href=\"tel:+32477680106\"\n                        class=\"sc_icons_item_link\">\n                        <\/a><\/div><\/div><div class=\"sc_icons_item with_more\"><div class=\"sc_icons_icon sc_icon_type_ icon-envelope-2\" style=\"color: #BE9667\" ><span class=\"sc_icon_type_ icon-envelope-2\" style=\"color: #BE9667\"><\/span><\/div><div class=\"sc_icons_item_details\"><div class=\"sc_icons_item_description\"><span><a href=\"mailto:zentopiahalle12@gmail.com\"><a href=\"mailto:zentopiahalle12@gmail.com\">zentopiahalle12@gmail.com<\/a><\/a><\/span><\/div><\/div><\/div><\/div><!-- \/.sc_icons -->\t\t<\/div>\n\t\t\t\t<\/div>\n\t\t\t\t\t<\/div>\n\t\t<\/div>\n\t\t\t\t<div class=\"elementor-column elementor-col-50 elementor-inner-column elementor-element elementor-element-f0bde0d sc_inner_width_none sc_content_align_inherit sc_layouts_column_icons_position_left sc_fly_static\" data-id=\"f0bde0d\" data-element_type=\"column\">\n\t\t\t<div class=\"elementor-widget-wrap elementor-element-populated\">\n\t\t\t\t\t\t<div class=\"elementor-element elementor-element-b30b35f sc_fly_static elementor-widget elementor-widget-spacer\" data-id=\"b30b35f\" data-element_type=\"widget\" data-widget_type=\"spacer.default\">\n\t\t\t\t<div class=\"elementor-widget-container\">\n\t\t\t\t\t<div class=\"elementor-spacer\">\n\t\t\t<div class=\"elementor-spacer-inner\"><\/div>\n\t\t<\/div>\n\t\t\t\t<\/div>\n\t\t\t\t<\/div>\n\t\t\t\t<div class=\"elementor-element elementor-element-8e12639 sc_fly_static elementor-widget elementor-widget-trx_sc_contact_form_7\" data-id=\"8e12639\" data-element_type=\"widget\" data-widget_type=\"trx_sc_contact_form_7.default\">\n\t\t\t\t<div class=\"elementor-widget-container\">\n\t\t\t\n<div class=\"wpcf7 no-js\" id=\"wpcf7-f37652-o1\" lang=\"fr-FR\" dir=\"ltr\">\n<div class=\"screen-reader-response\"><p role=\"status\" aria-live=\"polite\" aria-atomic=\"true\"><\/p> <ul><\/ul><\/div>\n<form action=\"\/fr\/wp-json\/wp\/v2\/pages\/37649#wpcf7-f37652-o1\" method=\"post\" class=\"wpcf7-form init\" aria-label=\"Contact form\" novalidate=\"novalidate\" data-status=\"init\">\n<div style=\"display: none;\">\n<input type=\"hidden\" name=\"_wpcf7\" value=\"37652\" \/>\n<input type=\"hidden\" name=\"_wpcf7_version\" value=\"5.9.8\" \/>\n<input type=\"hidden\" name=\"_wpcf7_locale\" value=\"fr_FR\" \/>\n<input type=\"hidden\" name=\"_wpcf7_unit_tag\" value=\"wpcf7-f37652-o1\" \/>\n<input type=\"hidden\" name=\"_wpcf7_container_post\" value=\"0\" \/>\n<input type=\"hidden\" name=\"_wpcf7_posted_data_hash\" value=\"\" \/>\n<\/div>\n<div class=\"form-style-3\">\n\t<div class=\"columns_wrap\">\n\t\t<div class=\"column-1_2\">\n\t\t\t<p><span class=\"style-line icon-name\"><span class=\"wpcf7-form-control-wrap\" data-name=\"your-name\"><input size=\"40\" maxlength=\"400\" class=\"wpcf7-form-control wpcf7-text wpcf7-validates-as-required\" aria-required=\"true\" aria-invalid=\"false\" placeholder=\"Nom\" value=\"\" type=\"text\" name=\"your-name\" \/><\/span><\/span>\n\t\t\t<\/p>\n\t\t<\/div>\n\t\t<div class=\"column-1_2\">\n\t\t\t<p><span class=\"style-line icon-email\"><span class=\"wpcf7-form-control-wrap\" data-name=\"your-email\"><input size=\"40\" maxlength=\"400\" class=\"wpcf7-form-control wpcf7-email wpcf7-validates-as-required wpcf7-text wpcf7-validates-as-email\" aria-required=\"true\" aria-invalid=\"false\" placeholder=\"Adresse email\" value=\"\" type=\"email\" name=\"your-email\" \/><\/span><\/span>\n\t\t\t<\/p>\n\t\t<\/div>\n\t<\/div>\n\t<div class=\"columns_wrap\">\n\t\t<div class=\"column-1_1\">\n\t\t\t<p><span class=\"style-line icon-phone\"><span class=\"wpcf7-form-control-wrap\" data-name=\"phone\"><input size=\"40\" maxlength=\"400\" class=\"wpcf7-form-control wpcf7-tel wpcf7-validates-as-required wpcf7-text wpcf7-validates-as-tel\" aria-required=\"true\" aria-invalid=\"false\" placeholder=\"T\u00e9l\u00e9phone\" value=\"\" type=\"tel\" name=\"phone\" \/><\/span><\/span>\n\t\t\t<\/p>\n\t\t<\/div>\n\t<\/div>\n\t<div class=\"columns_wrap margin-bottom\">\n\t\t<div class=\"column-1_1\">\n\t\t\t<p><span class=\"style-line icon-textarea\"><span class=\"wpcf7-form-control-wrap\" data-name=\"your-message\"><textarea cols=\"40\" rows=\"10\" maxlength=\"2000\" class=\"wpcf7-form-control wpcf7-textarea wpcf7-validates-as-required\" aria-required=\"true\" aria-invalid=\"false\" placeholder=\"Comment pouvons-nous vous aider ? N&#039;h\u00e9sitez pas \u00e0 nous contacter !\" name=\"your-message\"><\/textarea><\/span><\/span>\n\t\t\t<\/p>\n\t\t<\/div>\n\t<\/div>\n\t<p><span style=\"margin-bottom:15px; display:block;\">Nous respectons votre vie priv\u00e9e. Vos donn\u00e9es seront toujours trait\u00e9es de mani\u00e8re confidentielle. <\/span>\n\t<\/p>\n\t<p><input class=\"wpcf7-form-control wpcf7-submit has-spinner\" type=\"submit\" value=\"Envoyer\" \/>\n\t<\/p>\n<\/div><div class=\"wpcf7-response-output\" aria-hidden=\"true\"><\/div>\n<\/form>\n<\/div>\n\t\t<\/div>\n\t\t\t\t<\/div>\n\t\t\t\t\t<\/div>\n\t\t<\/div>\n\t\t\t\t\t<\/div>\n\t\t<\/section>\n\t\t\t\t<div class=\"elementor-element elementor-element-138a50e sc_height_huge sc_fly_static elementor-widget elementor-widget-spacer\" data-id=\"138a50e\" data-element_type=\"widget\" data-widget_type=\"spacer.default\">\n\t\t\t\t<div class=\"elementor-widget-container\">\n\t\t\t\t\t<div class=\"elementor-spacer\">\n\t\t\t<div class=\"elementor-spacer-inner\"><\/div>\n\t\t<\/div>\n\t\t\t\t<\/div>\n\t\t\t\t<\/div>\n\t\t\t\t\t<\/div>\n\t\t<\/div>\n\t\t\t\t\t<\/div>\n\t\t<\/section>\n\t\t\t\t<section class=\"elementor-section elementor-top-section elementor-element elementor-element-5f49a17 elementor-section-full_width elementor-section-height-default elementor-section-height-default sc_fly_static\" data-id=\"5f49a17\" data-element_type=\"section\">\n\t\t\t\t\t\t<div class=\"elementor-container elementor-column-gap-extended\">\n\t\t\t\t\t<div class=\"elementor-column elementor-col-100 elementor-top-column elementor-element elementor-element-a73902d sc_inner_width_none sc_content_align_inherit sc_layouts_column_icons_position_left sc_fly_static\" data-id=\"a73902d\" data-element_type=\"column\">\n\t\t\t<div class=\"elementor-widget-wrap elementor-element-populated\">\n\t\t\t\t\t\t<div class=\"elementor-element elementor-element-1c29406 sc_fly_static elementor-widget elementor-widget-trx_sc_googlemap\" data-id=\"1c29406\" data-element_type=\"widget\" data-widget_type=\"trx_sc_googlemap.default\">\n\t\t\t\t<div class=\"elementor-widget-container\">\n\t\t\t<div id=\"sc_googlemap_156602058_wrap\" class=\"sc_googlemap_wrap\"><div id=\"sc_googlemap_156602058\"\t\t\tclass=\"sc_item_content sc_map sc_googlemap sc_googlemap_default trx_addons_inline_226049720\"\n\t\t\t \t\t\tdata-zoom=\"16\"\n\t\t\tdata-center=\"\"\n\t\t\tdata-style=\"extra\"\n\t\t\tdata-cluster-icon=\"\"\n\t\t\t><iframe\n\t\t\t\t\t\tsrc=\"https:\/\/maps.google.com\/maps?t=m&output=embed&iwloc=near&z=16&q=Zentopia+Halle\"\n\t\t\t\t\t\taria-label=\"\"><\/iframe><\/div><\/div>\t\t<\/div>\n\t\t\t\t<\/div>\n\t\t\t\t\t<\/div>\n\t\t<\/div>\n\t\t\t\t\t<\/div>\n\t\t<\/section>\n\t\t\t\t<\/div>\n\t\t","protected":false},"excerpt":{"rendered":"<p>Contactez nous Des questions ?Contactez nous Vous avez des questions ou souhaitez obtenir plus d&#8217;informations sur nos installations de bien-\u00eatre ? Nous sommes pr\u00eats \u00e0 vous aider ! Ninoofsesteenweg 12,&hellip;<\/p>\n","protected":false},"author":1,"featured_media":0,"parent":0,"menu_order":0,"comment_status":"closed","ping_status":"closed","template":"","meta":{"iawp_total_views":281,"footnotes":""},"class_list":["post-37649","page","type-page","status-publish","hentry"],"yoast_head":"<!-- This site is optimized with the Yoast SEO plugin v23.7 - https:\/\/yoast.com\/wordpress\/plugins\/seo\/ -->\n<title>Contact | Zentopia<\/title>\n<meta name=\"robots\" content=\"index, follow, max-snippet:-1, max-image-preview:large, max-video-preview:-1\" \/>\n<link rel=\"canonical\" href=\"https:\/\/zentopiahalle.be\/fr\/contact\/\" \/>\n<meta property=\"og:locale\" content=\"fr_FR\" \/>\n<meta property=\"og:type\" content=\"article\" \/>\n<meta property=\"og:title\" content=\"Contact | Zentopia\" \/>\n<meta property=\"og:description\" content=\"Contactez nous Des questions ?Contactez nous Vous avez des questions ou souhaitez obtenir plus d&#8217;informations sur nos installations de bien-\u00eatre ? Nous sommes pr\u00eats \u00e0 vous aider ! Ninoofsesteenweg 12,&hellip;\" \/>\n<meta property=\"og:url\" content=\"https:\/\/zentopiahalle.be\/fr\/contact\/\" \/>\n<meta property=\"og:site_name\" content=\"Zentopia\" \/>\n<meta property=\"article:publisher\" content=\"https:\/\/www.facebook.com\/Prive.Sauna.Zentopia\" \/>\n<meta property=\"article:modified_time\" content=\"2024-09-24T21:44:06+00:00\" \/>\n<meta property=\"og:image\" content=\"https:\/\/zentopiahalle.be\/wp-content\/uploads\/2024\/08\/small-plant-sits-rock-rock-garden-scaled.jpg\" \/>\n\t<meta property=\"og:image:width\" content=\"2560\" \/>\n\t<meta property=\"og:image:height\" content=\"1707\" \/>\n\t<meta property=\"og:image:type\" content=\"image\/jpeg\" \/>\n<meta name=\"twitter:card\" content=\"summary_large_image\" \/>\n<script type=\"application\/ld+json\" class=\"yoast-schema-graph\">{\"@context\":\"https:\/\/schema.org\",\"@graph\":[{\"@type\":\"WebPage\",\"@id\":\"https:\/\/zentopiahalle.be\/fr\/contact\/\",\"url\":\"https:\/\/zentopiahalle.be\/fr\/contact\/\",\"name\":\"Contact | Zentopia\",\"isPartOf\":{\"@id\":\"https:\/\/zentopiahalle.be\/#website\"},\"datePublished\":\"2020-04-30T08:32:31+00:00\",\"dateModified\":\"2024-09-24T21:44:06+00:00\",\"breadcrumb\":{\"@id\":\"https:\/\/zentopiahalle.be\/fr\/contact\/#breadcrumb\"},\"inLanguage\":\"fr-FR\",\"potentialAction\":[{\"@type\":\"ReadAction\",\"target\":[\"https:\/\/zentopiahalle.be\/fr\/contact\/\"]}]},{\"@type\":\"BreadcrumbList\",\"@id\":\"https:\/\/zentopiahalle.be\/fr\/contact\/#breadcrumb\",\"itemListElement\":[{\"@type\":\"ListItem\",\"position\":1,\"name\":\"Home\",\"item\":\"https:\/\/zentopiahalle.be\/\"},{\"@type\":\"ListItem\",\"position\":2,\"name\":\"Contact\"}]},{\"@type\":\"WebSite\",\"@id\":\"https:\/\/zentopiahalle.be\/#website\",\"url\":\"https:\/\/zentopiahalle.be\/\",\"name\":\"Zentopia\",\"description\":\"Welness in Halle\",\"publisher\":{\"@id\":\"https:\/\/zentopiahalle.be\/#organization\"},\"potentialAction\":[{\"@type\":\"SearchAction\",\"target\":{\"@type\":\"EntryPoint\",\"urlTemplate\":\"https:\/\/zentopiahalle.be\/?s={search_term_string}\"},\"query-input\":{\"@type\":\"PropertyValueSpecification\",\"valueRequired\":true,\"valueName\":\"search_term_string\"}}],\"inLanguage\":\"fr-FR\"},{\"@type\":\"Organization\",\"@id\":\"https:\/\/zentopiahalle.be\/#organization\",\"name\":\"Zentopia\",\"url\":\"https:\/\/zentopiahalle.be\/\",\"logo\":{\"@type\":\"ImageObject\",\"inLanguage\":\"fr-FR\",\"@id\":\"https:\/\/zentopiahalle.be\/#\/schema\/logo\/image\/\",\"url\":\"https:\/\/zentopiahalle.be\/wp-content\/uploads\/2024\/07\/logo-zentopia.png\",\"contentUrl\":\"https:\/\/zentopiahalle.be\/wp-content\/uploads\/2024\/07\/logo-zentopia.png\",\"width\":1000,\"height\":1000,\"caption\":\"Zentopia\"},\"image\":{\"@id\":\"https:\/\/zentopiahalle.be\/#\/schema\/logo\/image\/\"},\"sameAs\":[\"https:\/\/www.facebook.com\/Prive.Sauna.Zentopia\"]}]}<\/script>\n<!-- \/ Yoast SEO plugin. -->","yoast_head_json":{"title":"Contact | Zentopia","robots":{"index":"index","follow":"follow","max-snippet":"max-snippet:-1","max-image-preview":"max-image-preview:large","max-video-preview":"max-video-preview:-1"},"canonical":"https:\/\/zentopiahalle.be\/fr\/contact\/","og_locale":"fr_FR","og_type":"article","og_title":"Contact | Zentopia","og_description":"Contactez nous Des questions ?Contactez nous Vous avez des questions ou souhaitez obtenir plus d&#8217;informations sur nos installations de bien-\u00eatre ? Nous sommes pr\u00eats \u00e0 vous aider ! Ninoofsesteenweg 12,&hellip;","og_url":"https:\/\/zentopiahalle.be\/fr\/contact\/","og_site_name":"Zentopia","article_publisher":"https:\/\/www.facebook.com\/Prive.Sauna.Zentopia","article_modified_time":"2024-09-24T21:44:06+00:00","og_image":[{"width":2560,"height":1707,"url":"https:\/\/zentopiahalle.be\/wp-content\/uploads\/2024\/08\/small-plant-sits-rock-rock-garden-scaled.jpg","type":"image\/jpeg"}],"twitter_card":"summary_large_image","schema":{"@context":"https:\/\/schema.org","@graph":[{"@type":"WebPage","@id":"https:\/\/zentopiahalle.be\/fr\/contact\/","url":"https:\/\/zentopiahalle.be\/fr\/contact\/","name":"Contact | Zentopia","isPartOf":{"@id":"https:\/\/zentopiahalle.be\/#website"},"datePublished":"2020-04-30T08:32:31+00:00","dateModified":"2024-09-24T21:44:06+00:00","breadcrumb":{"@id":"https:\/\/zentopiahalle.be\/fr\/contact\/#breadcrumb"},"inLanguage":"fr-FR","potentialAction":[{"@type":"ReadAction","target":["https:\/\/zentopiahalle.be\/fr\/contact\/"]}]},{"@type":"BreadcrumbList","@id":"https:\/\/zentopiahalle.be\/fr\/contact\/#breadcrumb","itemListElement":[{"@type":"ListItem","position":1,"name":"Home","item":"https:\/\/zentopiahalle.be\/"},{"@type":"ListItem","position":2,"name":"Contact"}]},{"@type":"WebSite","@id":"https:\/\/zentopiahalle.be\/#website","url":"https:\/\/zentopiahalle.be\/","name":"Zentopia","description":"Welness in Halle","publisher":{"@id":"https:\/\/zentopiahalle.be\/#organization"},"potentialAction":[{"@type":"SearchAction","target":{"@type":"EntryPoint","urlTemplate":"https:\/\/zentopiahalle.be\/?s={search_term_string}"},"query-input":{"@type":"PropertyValueSpecification","valueRequired":true,"valueName":"search_term_string"}}],"inLanguage":"fr-FR"},{"@type":"Organization","@id":"https:\/\/zentopiahalle.be\/#organization","name":"Zentopia","url":"https:\/\/zentopiahalle.be\/","logo":{"@type":"ImageObject","inLanguage":"fr-FR","@id":"https:\/\/zentopiahalle.be\/#\/schema\/logo\/image\/","url":"https:\/\/zentopiahalle.be\/wp-content\/uploads\/2024\/07\/logo-zentopia.png","contentUrl":"https:\/\/zentopiahalle.be\/wp-content\/uploads\/2024\/07\/logo-zentopia.png","width":1000,"height":1000,"caption":"Zentopia"},"image":{"@id":"https:\/\/zentopiahalle.be\/#\/schema\/logo\/image\/"},"sameAs":["https:\/\/www.facebook.com\/Prive.Sauna.Zentopia"]}]}},"_links":{"self":[{"href":"https:\/\/zentopiahalle.be\/fr\/wp-json\/wp\/v2\/pages\/37649"}],"collection":[{"href":"https:\/\/zentopiahalle.be\/fr\/wp-json\/wp\/v2\/pages"}],"about":[{"href":"https:\/\/zentopiahalle.be\/fr\/wp-json\/wp\/v2\/types\/page"}],"author":[{"embeddable":true,"href":"https:\/\/zentopiahalle.be\/fr\/wp-json\/wp\/v2\/users\/1"}],"replies":[{"embeddable":true,"href":"https:\/\/zentopiahalle.be\/fr\/wp-json\/wp\/v2\/comments?post=37649"}],"version-history":[{"count":1,"href":"https:\/\/zentopiahalle.be\/fr\/wp-json\/wp\/v2\/pages\/37649\/revisions"}],"predecessor-version":[{"id":37650,"href":"https:\/\/zentopiahalle.be\/fr\/wp-json\/wp\/v2\/pages\/37649\/revisions\/37650"}],"wp:attachment":[{"href":"https:\/\/zentopiahalle.be\/fr\/wp-json\/wp\/v2\/media?parent=37649"}],"curies":[{"name":"wp","href":"https:\/\/api.w.org\/{rel}","templated":true}]}}