{"id":37628,"date":"2024-09-03T19:31:03","date_gmt":"2024-09-03T17:31:03","guid":{"rendered":"https:\/\/zentopiahalle.be\/infos-pratiques\/"},"modified":"2024-09-21T21:31:40","modified_gmt":"2024-09-21T19:31:40","slug":"infos-pratiques","status":"publish","type":"page","link":"https:\/\/zentopiahalle.be\/fr\/infos-pratiques\/","title":{"rendered":"Infos pratiques"},"content":{"rendered":"\t\t<div data-elementor-type=\"wp-page\" data-elementor-id=\"37628\" class=\"elementor elementor-37628 elementor-37186\" data-elementor-post-type=\"page\">\n\t\t\t\t\t\t<section class=\"elementor-section elementor-top-section elementor-element elementor-element-fb19abd elementor-section-boxed elementor-section-height-default elementor-section-height-default sc_fly_static\" data-id=\"fb19abd\" data-element_type=\"section\">\n\t\t\t\t\t\t<div class=\"elementor-container elementor-column-gap-extended\">\n\t\t\t\t\t<div class=\"elementor-column elementor-col-25 elementor-top-column elementor-element elementor-element-40993e1 sc_inner_width_none sc_content_align_inherit sc_layouts_column_icons_position_left sc_fly_static\" data-id=\"40993e1\" data-element_type=\"column\">\n\t\t\t<div class=\"elementor-widget-wrap\">\n\t\t\t\t\t\t\t<\/div>\n\t\t<\/div>\n\t\t\t\t<div class=\"elementor-column elementor-col-50 elementor-top-column elementor-element elementor-element-cc51ca6 sc_inner_width_none sc_content_align_inherit sc_layouts_column_icons_position_left sc_fly_static\" data-id=\"cc51ca6\" data-element_type=\"column\">\n\t\t\t<div class=\"elementor-widget-wrap elementor-element-populated\">\n\t\t\t\t\t\t<div class=\"elementor-element elementor-element-bc39e5a sc_height_huge sc_fly_static elementor-widget elementor-widget-spacer\" data-id=\"bc39e5a\" data-element_type=\"widget\" data-widget_type=\"spacer.default\">\n\t\t\t\t<div class=\"elementor-widget-container\">\n\t\t\t<style>\/*! elementor - v3.23.0 - 25-07-2024 *\/\n.elementor-column .elementor-spacer-inner{height:var(--spacer-size)}.e-con{--container-widget-width:100%}.e-con-inner>.elementor-widget-spacer,.e-con>.elementor-widget-spacer{width:var(--container-widget-width,var(--spacer-size));--align-self:var(--container-widget-align-self,initial);--flex-shrink:0}.e-con-inner>.elementor-widget-spacer>.elementor-widget-container,.e-con>.elementor-widget-spacer>.elementor-widget-container{height:100%;width:100%}.e-con-inner>.elementor-widget-spacer>.elementor-widget-container>.elementor-spacer,.e-con>.elementor-widget-spacer>.elementor-widget-container>.elementor-spacer{height:100%}.e-con-inner>.elementor-widget-spacer>.elementor-widget-container>.elementor-spacer>.elementor-spacer-inner,.e-con>.elementor-widget-spacer>.elementor-widget-container>.elementor-spacer>.elementor-spacer-inner{height:var(--container-widget-height,var(--spacer-size))}.e-con-inner>.elementor-widget-spacer.elementor-widget-empty,.e-con>.elementor-widget-spacer.elementor-widget-empty{position:relative;min-height:22px;min-width:22px}.e-con-inner>.elementor-widget-spacer.elementor-widget-empty .elementor-widget-empty-icon,.e-con>.elementor-widget-spacer.elementor-widget-empty .elementor-widget-empty-icon{position:absolute;top:0;bottom:0;left:0;right:0;margin:auto;padding:0;width:22px;height:22px}<\/style>\t\t<div class=\"elementor-spacer\">\n\t\t\t<div class=\"elementor-spacer-inner\"><\/div>\n\t\t<\/div>\n\t\t\t\t<\/div>\n\t\t\t\t<\/div>\n\t\t\t\t<div class=\"elementor-element elementor-element-ddc28bb sc_fly_static elementor-widget elementor-widget-toggle\" data-id=\"ddc28bb\" data-element_type=\"widget\" data-widget_type=\"toggle.default\">\n\t\t\t\t<div class=\"elementor-widget-container\">\n\t\t\t<style>\/*! elementor - v3.23.0 - 25-07-2024 *\/\n.elementor-toggle{text-align:start}.elementor-toggle .elementor-tab-title{font-weight:700;line-height:1;margin:0;padding:15px;border-bottom:1px solid #d5d8dc;cursor:pointer;outline:none}.elementor-toggle .elementor-tab-title .elementor-toggle-icon{display:inline-block;width:1em}.elementor-toggle .elementor-tab-title .elementor-toggle-icon svg{margin-inline-start:-5px;width:1em;height:1em}.elementor-toggle .elementor-tab-title .elementor-toggle-icon.elementor-toggle-icon-right{float:right;text-align:right}.elementor-toggle .elementor-tab-title .elementor-toggle-icon.elementor-toggle-icon-left{float:left;text-align:left}.elementor-toggle .elementor-tab-title .elementor-toggle-icon .elementor-toggle-icon-closed{display:block}.elementor-toggle .elementor-tab-title .elementor-toggle-icon .elementor-toggle-icon-opened{display:none}.elementor-toggle .elementor-tab-title.elementor-active{border-bottom:none}.elementor-toggle .elementor-tab-title.elementor-active .elementor-toggle-icon-closed{display:none}.elementor-toggle .elementor-tab-title.elementor-active .elementor-toggle-icon-opened{display:block}.elementor-toggle .elementor-tab-content{padding:15px;border-bottom:1px solid #d5d8dc;display:none}@media (max-width:767px){.elementor-toggle .elementor-tab-title{padding:12px}.elementor-toggle .elementor-tab-content{padding:12px 10px}}.e-con-inner>.elementor-widget-toggle,.e-con>.elementor-widget-toggle{width:var(--container-widget-width);--flex-grow:var(--container-widget-flex-grow)}<\/style>\t\t<div class=\"elementor-toggle\">\n\t\t\t\t\t\t\t<div class=\"elementor-toggle-item\">\n\t\t\t\t\t<h5 id=\"elementor-tab-title-2321\" class=\"elementor-tab-title\" data-tab=\"1\" role=\"button\" aria-controls=\"elementor-tab-content-2321\" aria-expanded=\"false\">\n\t\t\t\t\t\t\t\t\t\t\t\t<span class=\"elementor-toggle-icon elementor-toggle-icon-right\" aria-hidden=\"true\">\n\t\t\t\t\t\t\t\t\t\t\t\t\t\t\t<span class=\"elementor-toggle-icon-closed\"><svg class=\"e-font-icon-svg e-fas-plus\" viewBox=\"0 0 448 512\" xmlns=\"http:\/\/www.w3.org\/2000\/svg\"><path d=\"M416 208H272V64c0-17.67-14.33-32-32-32h-32c-17.67 0-32 14.33-32 32v144H32c-17.67 0-32 14.33-32 32v32c0 17.67 14.33 32 32 32h144v144c0 17.67 14.33 32 32 32h32c17.67 0 32-14.33 32-32V304h144c17.67 0 32-14.33 32-32v-32c0-17.67-14.33-32-32-32z\"><\/path><\/svg><\/span>\n\t\t\t\t\t\t\t\t<span class=\"elementor-toggle-icon-opened\"><svg class=\"elementor-toggle-icon-opened e-font-icon-svg e-fas-minus\" viewBox=\"0 0 448 512\" xmlns=\"http:\/\/www.w3.org\/2000\/svg\"><path d=\"M416 208H32c-17.67 0-32 14.33-32 32v32c0 17.67 14.33 32 32 32h384c17.67 0 32-14.33 32-32v-32c0-17.67-14.33-32-32-32z\"><\/path><\/svg><\/span>\n\t\t\t\t\t\t\t\t\t\t\t\t\t<\/span>\n\t\t\t\t\t\t\t\t\t\t\t\t<a class=\"elementor-toggle-title\" tabindex=\"0\">Avez-vous besoin d'apporter quelque chose avec vous \u00e0 Zentopia Wellness ?<\/a>\n\t\t\t\t\t<\/h5>\n\n\t\t\t\t\t<div id=\"elementor-tab-content-2321\" class=\"elementor-tab-content elementor-clearfix\" data-tab=\"1\" role=\"region\" aria-labelledby=\"elementor-tab-title-2321\"><p>Oui, nous demandons aux visiteurs d&#8217;apporter leurs propres tongs. Cela garantit le confort et l&#8217;hygi\u00e8ne pendant votre s\u00e9jour dans notre espace bien-\u00eatre. Nous fournissons les serviettes et les peignoirs, mais pour une meilleure exp\u00e9rience, nous vous recommandons d&#8217;apporter vos propres pantoufles.<\/p><\/div>\n\t\t\t\t<\/div>\n\t\t\t\t\t\t\t<div class=\"elementor-toggle-item\">\n\t\t\t\t\t<h5 id=\"elementor-tab-title-2322\" class=\"elementor-tab-title\" data-tab=\"2\" role=\"button\" aria-controls=\"elementor-tab-content-2322\" aria-expanded=\"false\">\n\t\t\t\t\t\t\t\t\t\t\t\t<span class=\"elementor-toggle-icon elementor-toggle-icon-right\" aria-hidden=\"true\">\n\t\t\t\t\t\t\t\t\t\t\t\t\t\t\t<span class=\"elementor-toggle-icon-closed\"><svg class=\"e-font-icon-svg e-fas-plus\" viewBox=\"0 0 448 512\" xmlns=\"http:\/\/www.w3.org\/2000\/svg\"><path d=\"M416 208H272V64c0-17.67-14.33-32-32-32h-32c-17.67 0-32 14.33-32 32v144H32c-17.67 0-32 14.33-32 32v32c0 17.67 14.33 32 32 32h144v144c0 17.67 14.33 32 32 32h32c17.67 0 32-14.33 32-32V304h144c17.67 0 32-14.33 32-32v-32c0-17.67-14.33-32-32-32z\"><\/path><\/svg><\/span>\n\t\t\t\t\t\t\t\t<span class=\"elementor-toggle-icon-opened\"><svg class=\"elementor-toggle-icon-opened e-font-icon-svg e-fas-minus\" viewBox=\"0 0 448 512\" xmlns=\"http:\/\/www.w3.org\/2000\/svg\"><path d=\"M416 208H32c-17.67 0-32 14.33-32 32v32c0 17.67 14.33 32 32 32h384c17.67 0 32-14.33 32-32v-32c0-17.67-14.33-32-32-32z\"><\/path><\/svg><\/span>\n\t\t\t\t\t\t\t\t\t\t\t\t\t<\/span>\n\t\t\t\t\t\t\t\t\t\t\t\t<a class=\"elementor-toggle-title\" tabindex=\"0\">Dois-je arriver plus t\u00f4t que l'heure pr\u00e9vue ?<\/a>\n\t\t\t\t\t<\/h5>\n\n\t\t\t\t\t<div id=\"elementor-tab-content-2322\" class=\"elementor-tab-content elementor-clearfix\" data-tab=\"2\" role=\"region\" aria-labelledby=\"elementor-tab-title-2322\"><p>Oui, nous vous demandons d&#8217;arriver au moins 5 minutes avant l&#8217;heure pr\u00e9vue. Vous aurez ainsi le temps de vous enregistrer tranquillement et de vous pr\u00e9parer \u00e0 votre exp\u00e9rience de bien-\u00eatre, afin d&#8217;en profiter pleinement d\u00e8s le d\u00e9but.<\/p><\/div>\n\t\t\t\t<\/div>\n\t\t\t\t\t\t\t<div class=\"elementor-toggle-item\">\n\t\t\t\t\t<h5 id=\"elementor-tab-title-2323\" class=\"elementor-tab-title\" data-tab=\"3\" role=\"button\" aria-controls=\"elementor-tab-content-2323\" aria-expanded=\"false\">\n\t\t\t\t\t\t\t\t\t\t\t\t<span class=\"elementor-toggle-icon elementor-toggle-icon-right\" aria-hidden=\"true\">\n\t\t\t\t\t\t\t\t\t\t\t\t\t\t\t<span class=\"elementor-toggle-icon-closed\"><svg class=\"e-font-icon-svg e-fas-plus\" viewBox=\"0 0 448 512\" xmlns=\"http:\/\/www.w3.org\/2000\/svg\"><path d=\"M416 208H272V64c0-17.67-14.33-32-32-32h-32c-17.67 0-32 14.33-32 32v144H32c-17.67 0-32 14.33-32 32v32c0 17.67 14.33 32 32 32h144v144c0 17.67 14.33 32 32 32h32c17.67 0 32-14.33 32-32V304h144c17.67 0 32-14.33 32-32v-32c0-17.67-14.33-32-32-32z\"><\/path><\/svg><\/span>\n\t\t\t\t\t\t\t\t<span class=\"elementor-toggle-icon-opened\"><svg class=\"elementor-toggle-icon-opened e-font-icon-svg e-fas-minus\" viewBox=\"0 0 448 512\" xmlns=\"http:\/\/www.w3.org\/2000\/svg\"><path d=\"M416 208H32c-17.67 0-32 14.33-32 32v32c0 17.67 14.33 32 32 32h384c17.67 0 32-14.33 32-32v-32c0-17.67-14.33-32-32-32z\"><\/path><\/svg><\/span>\n\t\t\t\t\t\t\t\t\t\t\t\t\t<\/span>\n\t\t\t\t\t\t\t\t\t\t\t\t<a class=\"elementor-toggle-title\" tabindex=\"0\">Y a-t-il un parking disponible \u00e0 Zentopia Wellness ?<\/a>\n\t\t\t\t\t<\/h5>\n\n\t\t\t\t\t<div id=\"elementor-tab-content-2323\" class=\"elementor-tab-content elementor-clearfix\" data-tab=\"3\" role=\"region\" aria-labelledby=\"elementor-tab-title-2323\"><p>Oui, vous pouvez garer votre voiture dans l&#8217;un des deux parkings municipaux situ\u00e9s \u00e0 proximit\u00e9, tous deux \u00e0 environ 5 minutes \u00e0 pied de Zentopia :<\/p><ul><li><strong>Jozeph Possosplein<\/strong>\u00a0(<a href=\"https:\/\/maps.app.goo.gl\/SjFp5nFfXb2GUDF46\" target=\"_blank\" rel=\"noopener\">Google Maps-link<\/a>)<\/li><li><strong>Monseigneur Senciestraat 13<\/strong>\u00a0(<a href=\"https:\/\/maps.app.goo.gl\/VBUW8BGKEgBvLpE17\" target=\"_blank\" rel=\"noopener\">Google Maps-link<\/a>)<\/li><\/ul><p><strong>Remarque<\/strong> : du lundi au vendredi, ces parkings sont payants entre 9 heures et 18 heures.<\/p><\/div>\n\t\t\t\t<\/div>\n\t\t\t\t\t\t\t\t<\/div>\n\t\t\t\t<\/div>\n\t\t\t\t<\/div>\n\t\t\t\t\t<\/div>\n\t\t<\/div>\n\t\t\t\t<div class=\"elementor-column elementor-col-25 elementor-top-column elementor-element elementor-element-3b40735 sc_inner_width_none sc_content_align_inherit sc_layouts_column_icons_position_left sc_fly_static\" data-id=\"3b40735\" data-element_type=\"column\">\n\t\t\t<div class=\"elementor-widget-wrap\">\n\t\t\t\t\t\t\t<\/div>\n\t\t<\/div>\n\t\t\t\t\t<\/div>\n\t\t<\/section>\n\t\t\t\t<section class=\"elementor-section elementor-top-section elementor-element elementor-element-6a43522 elementor-section-boxed elementor-section-height-default elementor-section-height-default sc_fly_static\" data-id=\"6a43522\" data-element_type=\"section\">\n\t\t\t\t\t\t<div class=\"elementor-container elementor-column-gap-extended\">\n\t\t\t\t\t<div class=\"elementor-column elementor-col-100 elementor-top-column elementor-element elementor-element-97bcb41 sc_inner_width_none sc_content_align_inherit sc_layouts_column_icons_position_left sc_fly_static\" data-id=\"97bcb41\" data-element_type=\"column\">\n\t\t\t<div class=\"elementor-widget-wrap elementor-element-populated\">\n\t\t\t\t\t\t<div class=\"elementor-element elementor-element-406fb23 sc_height_huge sc_fly_static elementor-widget elementor-widget-spacer\" data-id=\"406fb23\" data-element_type=\"widget\" data-widget_type=\"spacer.default\">\n\t\t\t\t<div class=\"elementor-widget-container\">\n\t\t\t\t\t<div class=\"elementor-spacer\">\n\t\t\t<div class=\"elementor-spacer-inner\"><\/div>\n\t\t<\/div>\n\t\t\t\t<\/div>\n\t\t\t\t<\/div>\n\t\t\t\t\t<\/div>\n\t\t<\/div>\n\t\t\t\t\t<\/div>\n\t\t<\/section>\n\t\t\t\t<section data-mouse-helper=\"hover\" data-mouse-helper-hide-helper=\"0\" data-mouse-helper-centered=\"1\" data-mouse-helper-magnet=\"0\" data-mouse-helper-color=\"\" data-mouse-helper-bg-color=\"#BE9667\" data-mouse-helper-bd-color=\"\" data-mouse-helper-bd-width=\"-1\" data-mouse-helper-mode=\"multiply\" data-mouse-helper-axis=\"xy\" data-mouse-helper-delay=\"0\" data-mouse-helper-text=\"\" data-mouse-helper-text-size=\"\" data-mouse-helper-text-round=\"0\" data-mouse-helper-icon=\"\" data-mouse-helper-icon-size=\"\" data-mouse-helper-icon-color=\"\" data-mouse-helper-image=\"\" data-mouse-helper-layout=\"\" data-mouse-helper-class=\"\" data-mouse-helper-callback=\"\" data-mouse-helper-hide-cursor=\"1\" class=\"elementor-section elementor-top-section elementor-element elementor-element-f8b29b2 scheme_dark elementor-section-boxed elementor-section-height-default elementor-section-height-default sc_fly_static\" data-id=\"f8b29b2\" data-element_type=\"section\" data-settings=\"{&quot;background_background&quot;:&quot;classic&quot;}\">\n\t\t\t\t\t\t\t<div class=\"elementor-background-overlay\"><\/div>\n\t\t\t\t\t\t\t<div class=\"elementor-container elementor-column-gap-default\">\n\t\t\t\t\t<div class=\"elementor-column elementor-col-100 elementor-top-column elementor-element elementor-element-0d73112 sc_layouts_column_align_center sc_layouts_column sc-mobile_layouts_column_align_center sc_layouts_column sc_inner_width_none sc_content_align_inherit sc_layouts_column_icons_position_left sc_fly_static\" data-id=\"0d73112\" data-element_type=\"column\">\n\t\t\t<div class=\"elementor-widget-wrap elementor-element-populated\">\n\t\t\t\t\t\t<div class=\"elementor-element elementor-element-7dff0b1 sc_layouts_hide_on_mobile sc_fly_static elementor-widget elementor-widget-spacer\" data-id=\"7dff0b1\" data-element_type=\"widget\" data-widget_type=\"spacer.default\">\n\t\t\t\t<div class=\"elementor-widget-container\">\n\t\t\t\t\t<div class=\"elementor-spacer\">\n\t\t\t<div class=\"elementor-spacer-inner\"><\/div>\n\t\t<\/div>\n\t\t\t\t<\/div>\n\t\t\t\t<\/div>\n\t\t\t\t<div class=\"elementor-element elementor-element-7d04de1 sc_height_huge sc_fly_static elementor-widget elementor-widget-spacer\" data-id=\"7d04de1\" data-element_type=\"widget\" data-widget_type=\"spacer.default\">\n\t\t\t\t<div class=\"elementor-widget-container\">\n\t\t\t\t\t<div class=\"elementor-spacer\">\n\t\t\t<div class=\"elementor-spacer-inner\"><\/div>\n\t\t<\/div>\n\t\t\t\t<\/div>\n\t\t\t\t<\/div>\n\t\t\t\t<div class=\"elementor-element elementor-element-20f1dbc sc_height_huge sc_fly_static elementor-widget elementor-widget-spacer\" data-id=\"20f1dbc\" data-element_type=\"widget\" data-widget_type=\"spacer.default\">\n\t\t\t\t<div class=\"elementor-widget-container\">\n\t\t\t\t\t<div class=\"elementor-spacer\">\n\t\t\t<div class=\"elementor-spacer-inner\"><\/div>\n\t\t<\/div>\n\t\t\t\t<\/div>\n\t\t\t\t<\/div>\n\t\t\t\t<div class=\"elementor-element elementor-element-574c535 sc_layouts_hide_on_mobile sc_fly_static elementor-widget elementor-widget-spacer\" data-id=\"574c535\" data-element_type=\"widget\" data-widget_type=\"spacer.default\">\n\t\t\t\t<div class=\"elementor-widget-container\">\n\t\t\t\t\t<div class=\"elementor-spacer\">\n\t\t\t<div class=\"elementor-spacer-inner\"><\/div>\n\t\t<\/div>\n\t\t\t\t<\/div>\n\t\t\t\t<\/div>\n\t\t\t\t\t<\/div>\n\t\t<\/div>\n\t\t\t\t\t<\/div>\n\t\t<\/section>\n\t\t\t\t<\/div>\n\t\t","protected":false},"excerpt":{"rendered":"<p>Avez-vous besoin d&#8217;apporter quelque chose avec vous \u00e0 Zentopia Wellness ? Oui, nous demandons aux visiteurs d&#8217;apporter leurs propres tongs. Cela garantit le confort et l&#8217;hygi\u00e8ne pendant votre s\u00e9jour dans&hellip;<\/p>\n","protected":false},"author":1,"featured_media":0,"parent":0,"menu_order":0,"comment_status":"closed","ping_status":"closed","template":"","meta":{"iawp_total_views":1538,"footnotes":""},"class_list":["post-37628","page","type-page","status-publish","hentry"],"yoast_head":"<!-- This site is optimized with the Yoast SEO plugin v23.7 - https:\/\/yoast.com\/wordpress\/plugins\/seo\/ -->\n<title>Infos pratiques | Zentopia<\/title>\n<meta name=\"robots\" content=\"index, follow, max-snippet:-1, max-image-preview:large, max-video-preview:-1\" \/>\n<link rel=\"canonical\" href=\"https:\/\/zentopiahalle.be\/fr\/infos-pratiques\/\" \/>\n<meta property=\"og:locale\" content=\"fr_FR\" \/>\n<meta property=\"og:type\" content=\"article\" \/>\n<meta property=\"og:title\" content=\"Infos pratiques | Zentopia\" \/>\n<meta property=\"og:description\" content=\"Avez-vous besoin d&#8217;apporter quelque chose avec vous \u00e0 Zentopia Wellness ? Oui, nous demandons aux visiteurs d&#8217;apporter leurs propres tongs. Cela garantit le confort et l&#8217;hygi\u00e8ne pendant votre s\u00e9jour dans&hellip;\" \/>\n<meta property=\"og:url\" content=\"https:\/\/zentopiahalle.be\/fr\/infos-pratiques\/\" \/>\n<meta property=\"og:site_name\" content=\"Zentopia\" \/>\n<meta property=\"article:publisher\" content=\"https:\/\/www.facebook.com\/Prive.Sauna.Zentopia\" \/>\n<meta property=\"article:modified_time\" content=\"2024-09-21T19:31:40+00:00\" \/>\n<meta property=\"og:image\" content=\"https:\/\/zentopiahalle.be\/wp-content\/uploads\/2024\/08\/small-plant-sits-rock-rock-garden-scaled.jpg\" \/>\n\t<meta property=\"og:image:width\" content=\"2560\" \/>\n\t<meta property=\"og:image:height\" content=\"1707\" \/>\n\t<meta property=\"og:image:type\" content=\"image\/jpeg\" \/>\n<meta name=\"twitter:card\" content=\"summary_large_image\" \/>\n<meta name=\"twitter:label1\" content=\"Dur\u00e9e de lecture estim\u00e9e\" \/>\n\t<meta name=\"twitter:data1\" content=\"1 minute\" \/>\n<script type=\"application\/ld+json\" class=\"yoast-schema-graph\">{\"@context\":\"https:\/\/schema.org\",\"@graph\":[{\"@type\":\"WebPage\",\"@id\":\"https:\/\/zentopiahalle.be\/fr\/infos-pratiques\/\",\"url\":\"https:\/\/zentopiahalle.be\/fr\/infos-pratiques\/\",\"name\":\"Infos pratiques | Zentopia\",\"isPartOf\":{\"@id\":\"https:\/\/zentopiahalle.be\/#website\"},\"datePublished\":\"2024-09-03T17:31:03+00:00\",\"dateModified\":\"2024-09-21T19:31:40+00:00\",\"breadcrumb\":{\"@id\":\"https:\/\/zentopiahalle.be\/fr\/infos-pratiques\/#breadcrumb\"},\"inLanguage\":\"fr-FR\",\"potentialAction\":[{\"@type\":\"ReadAction\",\"target\":[\"https:\/\/zentopiahalle.be\/fr\/infos-pratiques\/\"]}]},{\"@type\":\"BreadcrumbList\",\"@id\":\"https:\/\/zentopiahalle.be\/fr\/infos-pratiques\/#breadcrumb\",\"itemListElement\":[{\"@type\":\"ListItem\",\"position\":1,\"name\":\"Home\",\"item\":\"https:\/\/zentopiahalle.be\/\"},{\"@type\":\"ListItem\",\"position\":2,\"name\":\"Infos pratiques\"}]},{\"@type\":\"WebSite\",\"@id\":\"https:\/\/zentopiahalle.be\/#website\",\"url\":\"https:\/\/zentopiahalle.be\/\",\"name\":\"Zentopia\",\"description\":\"Welness in Halle\",\"publisher\":{\"@id\":\"https:\/\/zentopiahalle.be\/#organization\"},\"potentialAction\":[{\"@type\":\"SearchAction\",\"target\":{\"@type\":\"EntryPoint\",\"urlTemplate\":\"https:\/\/zentopiahalle.be\/?s={search_term_string}\"},\"query-input\":{\"@type\":\"PropertyValueSpecification\",\"valueRequired\":true,\"valueName\":\"search_term_string\"}}],\"inLanguage\":\"fr-FR\"},{\"@type\":\"Organization\",\"@id\":\"https:\/\/zentopiahalle.be\/#organization\",\"name\":\"Zentopia\",\"url\":\"https:\/\/zentopiahalle.be\/\",\"logo\":{\"@type\":\"ImageObject\",\"inLanguage\":\"fr-FR\",\"@id\":\"https:\/\/zentopiahalle.be\/#\/schema\/logo\/image\/\",\"url\":\"https:\/\/zentopiahalle.be\/wp-content\/uploads\/2024\/07\/logo-zentopia.png\",\"contentUrl\":\"https:\/\/zentopiahalle.be\/wp-content\/uploads\/2024\/07\/logo-zentopia.png\",\"width\":1000,\"height\":1000,\"caption\":\"Zentopia\"},\"image\":{\"@id\":\"https:\/\/zentopiahalle.be\/#\/schema\/logo\/image\/\"},\"sameAs\":[\"https:\/\/www.facebook.com\/Prive.Sauna.Zentopia\"]}]}<\/script>\n<!-- \/ Yoast SEO plugin. -->","yoast_head_json":{"title":"Infos pratiques | Zentopia","robots":{"index":"index","follow":"follow","max-snippet":"max-snippet:-1","max-image-preview":"max-image-preview:large","max-video-preview":"max-video-preview:-1"},"canonical":"https:\/\/zentopiahalle.be\/fr\/infos-pratiques\/","og_locale":"fr_FR","og_type":"article","og_title":"Infos pratiques | Zentopia","og_description":"Avez-vous besoin d&#8217;apporter quelque chose avec vous \u00e0 Zentopia Wellness ? Oui, nous demandons aux visiteurs d&#8217;apporter leurs propres tongs. Cela garantit le confort et l&#8217;hygi\u00e8ne pendant votre s\u00e9jour dans&hellip;","og_url":"https:\/\/zentopiahalle.be\/fr\/infos-pratiques\/","og_site_name":"Zentopia","article_publisher":"https:\/\/www.facebook.com\/Prive.Sauna.Zentopia","article_modified_time":"2024-09-21T19:31:40+00:00","og_image":[{"width":2560,"height":1707,"url":"https:\/\/zentopiahalle.be\/wp-content\/uploads\/2024\/08\/small-plant-sits-rock-rock-garden-scaled.jpg","type":"image\/jpeg"}],"twitter_card":"summary_large_image","twitter_misc":{"Dur\u00e9e de lecture estim\u00e9e":"1 minute"},"schema":{"@context":"https:\/\/schema.org","@graph":[{"@type":"WebPage","@id":"https:\/\/zentopiahalle.be\/fr\/infos-pratiques\/","url":"https:\/\/zentopiahalle.be\/fr\/infos-pratiques\/","name":"Infos pratiques | Zentopia","isPartOf":{"@id":"https:\/\/zentopiahalle.be\/#website"},"datePublished":"2024-09-03T17:31:03+00:00","dateModified":"2024-09-21T19:31:40+00:00","breadcrumb":{"@id":"https:\/\/zentopiahalle.be\/fr\/infos-pratiques\/#breadcrumb"},"inLanguage":"fr-FR","potentialAction":[{"@type":"ReadAction","target":["https:\/\/zentopiahalle.be\/fr\/infos-pratiques\/"]}]},{"@type":"BreadcrumbList","@id":"https:\/\/zentopiahalle.be\/fr\/infos-pratiques\/#breadcrumb","itemListElement":[{"@type":"ListItem","position":1,"name":"Home","item":"https:\/\/zentopiahalle.be\/"},{"@type":"ListItem","position":2,"name":"Infos pratiques"}]},{"@type":"WebSite","@id":"https:\/\/zentopiahalle.be\/#website","url":"https:\/\/zentopiahalle.be\/","name":"Zentopia","description":"Welness in Halle","publisher":{"@id":"https:\/\/zentopiahalle.be\/#organization"},"potentialAction":[{"@type":"SearchAction","target":{"@type":"EntryPoint","urlTemplate":"https:\/\/zentopiahalle.be\/?s={search_term_string}"},"query-input":{"@type":"PropertyValueSpecification","valueRequired":true,"valueName":"search_term_string"}}],"inLanguage":"fr-FR"},{"@type":"Organization","@id":"https:\/\/zentopiahalle.be\/#organization","name":"Zentopia","url":"https:\/\/zentopiahalle.be\/","logo":{"@type":"ImageObject","inLanguage":"fr-FR","@id":"https:\/\/zentopiahalle.be\/#\/schema\/logo\/image\/","url":"https:\/\/zentopiahalle.be\/wp-content\/uploads\/2024\/07\/logo-zentopia.png","contentUrl":"https:\/\/zentopiahalle.be\/wp-content\/uploads\/2024\/07\/logo-zentopia.png","width":1000,"height":1000,"caption":"Zentopia"},"image":{"@id":"https:\/\/zentopiahalle.be\/#\/schema\/logo\/image\/"},"sameAs":["https:\/\/www.facebook.com\/Prive.Sauna.Zentopia"]}]}},"_links":{"self":[{"href":"https:\/\/zentopiahalle.be\/fr\/wp-json\/wp\/v2\/pages\/37628"}],"collection":[{"href":"https:\/\/zentopiahalle.be\/fr\/wp-json\/wp\/v2\/pages"}],"about":[{"href":"https:\/\/zentopiahalle.be\/fr\/wp-json\/wp\/v2\/types\/page"}],"author":[{"embeddable":true,"href":"https:\/\/zentopiahalle.be\/fr\/wp-json\/wp\/v2\/users\/1"}],"replies":[{"embeddable":true,"href":"https:\/\/zentopiahalle.be\/fr\/wp-json\/wp\/v2\/comments?post=37628"}],"version-history":[{"count":9,"href":"https:\/\/zentopiahalle.be\/fr\/wp-json\/wp\/v2\/pages\/37628\/revisions"}],"predecessor-version":[{"id":37637,"href":"https:\/\/zentopiahalle.be\/fr\/wp-json\/wp\/v2\/pages\/37628\/revisions\/37637"}],"wp:attachment":[{"href":"https:\/\/zentopiahalle.be\/fr\/wp-json\/wp\/v2\/media?parent=37628"}],"curies":[{"name":"wp","href":"https:\/\/api.w.org\/{rel}","templated":true}]}}